{"id":9651,"date":"2022-02-02T14:30:57","date_gmt":"2022-02-02T13:30:57","guid":{"rendered":"https:\/\/enviosecurity.com\/faq\/"},"modified":"2023-12-06T12:13:29","modified_gmt":"2023-12-06T11:13:29","slug":"faq","status":"publish","type":"page","link":"https:\/\/enviosecurity.com\/it\/elementi\/pagine\/faq\/","title":{"rendered":"Faq"},"content":{"rendered":"\n<div class=\"container section-title-container\" ><h3 class=\"section-title section-title-center\"><b><\/b><span class=\"section-title-main\" >Faq<\/span><b><\/b><\/h3><\/div>\n\n<div class=\"accordion\">\n\n\t<div id=\"accordion-4003153796\" class=\"accordion-item\">\n\t\t<a id=\"accordion-4003153796-label\" class=\"accordion-title plain\" href=\"#accordion-item-poc-(power-over-coaxial)\" aria-expanded=\"false\" aria-controls=\"accordion-4003153796-content\" >\n\t\t\t<button class=\"toggle\" aria-label=\"Attiva\/Disattiva\"><i class=\"icon-angle-down\"><\/i><\/button>\n\t\t\t<span>POC (Power over Coaxial)<\/span>\n\t\t<\/a>\n\t\t<div id=\"accordion-4003153796-content\" class=\"accordion-inner\" aria-labelledby=\"accordion-4003153796-label\" >\n\t\t\t\n\n<p><span>Power over Coaxial (PoC) \u00e8 una tecnologia che permette di trasmettere simultan\u0103 a puterii \u0219i a semnalului video analogic de \u00eenalt\u0103 rezolu\u021bie \u0219i a semnalului de control OSD printr-un singolo cablu coaxial pe o distan\u021b\u0103 de p\u00e2n\u0103 la 400 m.&nbsp;<\/span><\/p>\n<p><span>Le prime previsioni per standardizzare la trasmissione di segnali video \u0219i di putere printr-un singolo cavo coassiale sono state f\u0103cute al convegno &#8220;Power systems for coaxial cable&#8221; dell&#8217;Institutul de Ingineri Electrici \u0219i Electronici (IEEE) nel 1994 a Vancouver.&nbsp;<\/span><\/p>\n<p><span>P\u00e2n\u0103 \u00een prezent, \u00eens\u0103, tehnologia PoC nu a fost \u00eenc\u0103 standardizat\u0103.&nbsp;<\/span><\/p>\n<p><span>Nella tecnologia PoE, i dispositivi di produzione sono compatibili tra loro.&nbsp;<\/span><\/p>\n<p><span>Concepire un&#8217;unica camera di o marc\u0103 la un comutator sau recorder de alt\u0103 marc\u0103 nu afecteaz\u0103 func\u021bionarea corect\u0103 a sistemului.&nbsp;<\/span><\/p>\n<p><span>Per quanto riguarda i dispositivi bazati per il PoC, alcuni dispositivi di marcatura sono in genere compatibili.&nbsp;<\/span><span>I dispositivi di protezione delle differenze possono causare problemi quando il funzionamento della corect\u0103 \u0219i si deteriora.&nbsp;<\/span><\/p>\n<p><span>Le prime apparecchiature (disponibili a partire da pia\u021b\u0103) per il trasferimento di segnali video, audio e di allarme sono in grado di fornire un rapporto, un&#8217;alimentazione di camere e un segnale di controllo (RS-485) in un&#8217;unica direzione sono state dezvoltate nel quadro della direttiva 2004\/2005.&nbsp;<\/span><\/p>\n<p><span>Permette di trasmettere con un cavo RG-59 a una distanza di 300 metri.&nbsp;<\/span><\/p>\n<p><span>Cu toate acestea, semnalul video transmis este doar la calitate SD.&nbsp;<\/span><\/p>\n<p><span>\u00cen prezent (trimestrul 4 2017), o solu\u021bie complet\u0103 (camere \u0219i recordere) bazat\u0103 pe tehnologia PoC pentru semnal video Full HD sau de calitate superioar\u0103 a fost implementat\u0103 doar de Hikvision.&nbsp;<\/span><\/p>\n<p><span>Hikvision a brevetat \u00een septembrie 2016 \u0219i a comercializat \u00een 2017 o solu\u021bie care permite transferul de putere, control OSD \u0219i semnal video chiar \u0219i \u00een calitate 4K\/UHD.&nbsp;<\/span><\/p>\n<p><span>La distanza di trasmissione \u00e8 di 200 m \u0219i depinde de tipul de cablu folosit, de rezolu\u021bia semnalului transmis \u0219i de versiunea PoC.&nbsp;<\/span><\/p>\n<p><span>Esistono due tipi di dispositivi di dispozitive care folosesc aceast\u0103 tehnologie.&nbsp;<\/span><\/p>\n<p><span>Utilizza la nomenclatura standard PoE 802.3.&nbsp;<\/span><span>Nella versione PoC.af a dispozitivelor, la potenza di alimentazione \u00e8 di 6 W, mentre nella versione PoC.at garantisce 12 W. <\/span> <\/p>\n<p><span>Gli altri produttori, tra cui Dahua, hanno implementato in anticipo le proprie soluzioni PoC.&nbsp;<\/span><span>Dispozitivele lor vor fi puse \u00een v\u00e2nzare la \u00eenceputul anului 2018.&nbsp;<\/span><\/p>\n<p><span>I principi di funzionamento della tecnologia PoC si basano sulla differenza tra il video (cura alternativa) e la dieta alimentare (cura continua).&nbsp;<\/span><\/p>\n<p><span>La maggior parte dei camerelor \u00e8 alimentata con cure continue;&nbsp;<\/span><span>o connessione diretta a un cavo di alimentazione che trasmette segnali video o deterioramenti elettronici.&nbsp;<\/span><\/p>\n<p><span>In termini semplici, il problema \u00e8 stato risolto con l&#8217;utilizzo di un sistema proprietario a due componenti elettronici passivi di baz\u0103: bobina \u0219i condensatore.&nbsp;<\/span><\/p>\n<p><span>In caso di cure continue, la bobina viene scurtata, nel momento in cui il condensatore \u00e8 ostruito da un circuito.&nbsp;<\/span><\/p>\n<p><span>In caso di cure alternative, la situazione \u00e8 inversa: la bobina ac\u021bioneaz\u0103 ca un izolator, \u00een timp ce condensatorul este scurtcircuitat.&nbsp;<\/span><\/p>\n<p><span>Aceast\u0103 solu\u021bie este teoretic\u0103 \u0219i este doar o baz\u0103 pentru proiectarea altor sisteme mai complexe care separ\u0103 sursa de alimentare de semnalul video.&nbsp;<\/span><\/p>\n<p><span>Il design dei dispositivi PoC consente di raggiungere le camere, i reportifonului (i setului de transmi\u021b\u0103toare) includendo i sistemi che trasmettono il segnale video analogico e il flusso di cure continue in linea video.&nbsp;<\/span><\/p>\n<p><span>Nel circuito di alimentazione, la cura alternativa \u00e8 bloccata \u0219i tre volte la cura continua.&nbsp;<\/span><\/p>\n<p><span>Registratore di testa, equipaggiato con funzione di alimentazione a canale, con cavo coassiale e protezione inclusa.&nbsp;<\/span><\/p>\n<p><span>Proteggere i dispositivi di protezione da deterioramento &#8211; la punta del dispositivo di protezione collegato viene riconsegnata automaticamente.&nbsp;<\/span><\/p>\n<p><span>Dac\u0103 nu poate fi determinat\u0103 compatibilitatea camerei cu tehnologia PoC,&nbsp;<\/span><span>rapporto sul tema dell&#8217;alimentazione imediata.&nbsp;<\/span><\/p>\n<p><span>Alimentarea este, de asemenea, \u00eentrerupt\u0103 dac\u0103 este detectat un scurtcircuit \u00een sistem.&nbsp;<\/span><\/p>\n<p><span>Acest lucru previne deteriorarea at\u00e2t a dispozitivelor terminale, c\u00e2t \u0219i a reportofonului.&nbsp;<\/span><\/p>\n<p><span>Principale avanguardia nell&#8217;utilizzo delle tecnologie PoC per i sistemi TVCC:  <\/span><\/p>\n<ul>\n<li><span>economisirea timpului necesar proiect\u0103rii \u0219i dezvolt\u0103rii;&nbsp;<\/span><\/li>\n<li><span>riduzione dei costi di manodopera e materiali: l&#8217;impianto necessita di un&#8217;installazione di casse di alimentazione, cablaggi di alimentazione, connettori e premi; <\/span><span>&#8211; numero di cablaggi che riducono il consumo di energia e l&#8217;economia di spazio;<\/span><\/li>\n<li><span>La Tehnologia PoC poate fi folosita si pentru modernizarea unui sistem analog vechi;<\/span><\/li>\n<li><span>Datorita atenuarii mai mici a cablului coaxial in comparatie cu cablurile UTP, tehnologia PoC permite transferul semnalului si&nbsp;<\/span><span>di alimenti di tre o pi\u00f9 polmoni, grazie alla tecnologia PoE;<\/span><\/li>\n<li><span>l&#8217;utilizzo di un&#8217;unica centrale di alimentazione riduce la suscettibilit\u00e0 delle interferenze \u0219i deterior\u0103ri in caso di instabilit\u00e0 dei parametri di alimentazione a re\u021belei elettrici.&nbsp;<\/span><\/li>\n<\/ul>\n<p><span>Al livello attuale di sviluppo delle tecnologie PoC, il principale problema \u00e8 l&#8217;incompatibilit\u00e0 con le soluzioni di produzione.<\/span><\/p>\n\n\t\t<\/div>\n\t<\/div>\n\t\n\t<div id=\"accordion-4015091143\" class=\"accordion-item\">\n\t\t<a id=\"accordion-4015091143-label\" class=\"accordion-title plain\" href=\"#accordion-item-protocollo-internet-ip\" aria-expanded=\"false\" aria-controls=\"accordion-4015091143-content\" >\n\t\t\t<button class=\"toggle\" aria-label=\"Attiva\/Disattiva\"><i class=\"icon-angle-down\"><\/i><\/button>\n\t\t\t<span>Protocollo internet IP<\/span>\n\t\t<\/a>\n\t\t<div id=\"accordion-4015091143-content\" class=\"accordion-inner\" aria-labelledby=\"accordion-4015091143-label\" >\n\t\t\t\n\n<p><span>La tecnologia IP \u00e8 caratterizzata da una telecamera di tipo digitale che pu\u00f2 essere utilizzata come un semicilindro digitalizzato e che pu\u00f2 essere utilizzata come un&#8217;unit\u00e0 di misura per il trattamento delle immagini in tempo reale.&nbsp;<\/span><\/p>\n<p><span>Sono caratteristiche unificate di Celelalte: ci sono limiti di distanza, \u00e8 possibile collegare il dispositivo senza fili a distanza, \u00e8 possibile registrarlo con un dispositivo elettronico e permette di superare la distanza.&nbsp;<\/span><\/p>\n<p><span>In pratica, se si ha a disposizione un sistema bazato con PoE, non \u00e8 necessario che la fotocamera sia alimentata direttamente dal cavo di alimentazione della stampante o da un comutatore.&nbsp;<\/span><\/p>\n<p><span>Il protocollo IP, standard utilizzato da Internet, pu\u00f2 essere sfruttato per regolare le potenzialit\u00e0 del sistema.&nbsp;<\/span><\/p>\n<p><span>Dezavantajele sunt costurile mai mari \u0219i a\u0219a-zi\u0219ii timpi de laten\u021b\u0103,<\/span><\/p>\n\n\t\t<\/div>\n\t<\/div>\n\t\n\t<div id=\"accordion-2462581513\" class=\"accordion-item\">\n\t\t<a id=\"accordion-2462581513-label\" class=\"accordion-title plain\" href=\"#accordion-item-cvbs-(tehnologie-analogic\u0103)\" aria-expanded=\"false\" aria-controls=\"accordion-2462581513-content\" >\n\t\t\t<button class=\"toggle\" aria-label=\"Attiva\/Disattiva\"><i class=\"icon-angle-down\"><\/i><\/button>\n\t\t\t<span>CVBS (Tehnologie analogic\u0103)<\/span>\n\t\t<\/a>\n\t\t<div id=\"accordion-2462581513-content\" class=\"accordion-inner\" aria-labelledby=\"accordion-2462581513-label\" >\n\t\t\t\n\n<p><span>Prima care a fost dezvoltat\u0103, dar care continu\u0103 s\u0103 aib\u0103 un segment de pia\u021b\u0103 considerabil.&nbsp;<\/span><\/p>\n<p><span>Il segnale video in un&#8217;installazione analogica tradizionale viene trasmesso tramite un cavo coassiale con un segnale numerico CVBS e un semplice segnale video.&nbsp;<\/span><\/p>\n<p><span>Visualizzare il videoclip di f\u0103r\u0103 sunet.&nbsp;<\/span><span>Ceea ce a f\u0103cut aceast\u0103 tehnologie foarte popular\u0103 sunt, \u00een esen\u021b\u0103, costurile reduse \u0219i simplitatea asamblarii.&nbsp;<\/span><\/p>\n<p><span>Mai mult, faptul de a fi prezent de ani de zile \u00eenseamn\u0103 c\u0103 exist\u0103 o mare compatibilitate \u00eentre diferitele m\u0103rci.&nbsp;<\/span><\/p>\n<p><span>Cele mai evidente dezavantaje sunt lipsa caracteristicilor avansate, rezolu\u021bia \u0219i dificultatea utiliz\u0103rii pe distan\u021be mari, peste care este afectat\u0103 distorsiunea semnalului.&nbsp;<\/span><\/p>\n<p><span>Necesitatea folosirii unui cablu pentru fiecare camer\u0103 este, de asemenea, o limita pentru aceste sisteme.<\/span><\/p>\n\n\t\t<\/div>\n\t<\/div>\n\t\n\t<div id=\"accordion-1200308717\" class=\"accordion-item\">\n\t\t<a id=\"accordion-1200308717-label\" class=\"accordion-title plain\" href=\"#accordion-item-hd-tvi\" aria-expanded=\"false\" aria-controls=\"accordion-1200308717-content\" >\n\t\t\t<button class=\"toggle\" aria-label=\"Attiva\/Disattiva\"><i class=\"icon-angle-down\"><\/i><\/button>\n\t\t\t<span>HD-TVI<\/span>\n\t\t<\/a>\n\t\t<div id=\"accordion-1200308717-content\" class=\"accordion-inner\" aria-labelledby=\"accordion-1200308717-label\" >\n\t\t\t\n\n<p><span>La tecnologia HDTVI (High Definition Video Transport Interface) \u00e8 una tecnologia che deve essere integrata nel sistema di supervisione video esistente con cavo coassiale, per avere una trasmissione compatibile con il segnale video HD.&nbsp;<\/span><\/p>\n<p><span>La tecnologia HDTVI permette di: cresterea calitatii in trimiterea si receptia camerelor, imbunatatirea distantei de transmisie, folosind tehnologia avansata de procesare a imaginii, evitand in acelasi timp fenomenul de simulare de diafonie, luminanta si crominanta.<\/span><\/p>\n\n\t\t<\/div>\n\t<\/div>\n\t\n\t<div id=\"accordion-152864346\" class=\"accordion-item\">\n\t\t<a id=\"accordion-152864346-label\" class=\"accordion-title plain\" href=\"#accordion-item-hd-cvi\" aria-expanded=\"false\" aria-controls=\"accordion-152864346-content\" >\n\t\t\t<button class=\"toggle\" aria-label=\"Attiva\/Disattiva\"><i class=\"icon-angle-down\"><\/i><\/button>\n\t\t\t<span>HD-CVI<\/span>\n\t\t<\/a>\n\t\t<div id=\"accordion-152864346-content\" class=\"accordion-inner\" aria-labelledby=\"accordion-152864346-label\" >\n\t\t\t\n\n<p><span>Dahua ha brevettato la tecnologia HD-CVI, che si basa su una serie di diver\u0219ilor produc\u0103tori.&nbsp;<\/span><\/p>\n<p><span>\u00c8 possibile utilizzare il cavo coassiale per trasmettere un segnale video di qualit\u00e0 superiore, stampando un cavo normale a una distanza di 500 metri; <\/span><span>si in acelasi timp sa permita fluxul audio pe cablul video.&nbsp;<\/span><\/p>\n<p><span>Permette di rizollare i p\u00e2n\u0103 la 1080p, astfel cu o calitate excelent\u0103 a imaginii.&nbsp;<\/span><\/p>\n<p><span>Le camere sono semplici da installare nel punto di vista tecnico: non esistono pl\u0103ci de re\u021bea, non si creano conflitti Ip \u0219i si facilita la cablatura, e la cablatura analogica pu\u00f2 essere riutilizzata.&nbsp;<\/span><\/p>\n<p><span>Mai mult, ast\u0103zi tehnologia HD-CVI este capabil\u0103 s\u0103 transporte semnalul de control pentru a controlar camerele PTZ, f\u0103r\u0103 a fi nevoie de cabluri suplimentare.  <\/span><\/p>\n<p><span>Dahua din 2012, anul na\u0219terii HD-CVI,<\/span><\/p>\n\n\t\t<\/div>\n\t<\/div>\n\t\n\t<div id=\"accordion-4250038331\" class=\"accordion-item\">\n\t\t<a id=\"accordion-4250038331-label\" class=\"accordion-title plain\" href=\"#accordion-item-ahd-(alta-definizione-analogica)\" aria-expanded=\"false\" aria-controls=\"accordion-4250038331-content\" >\n\t\t\t<button class=\"toggle\" aria-label=\"Attiva\/Disattiva\"><i class=\"icon-angle-down\"><\/i><\/button>\n\t\t\t<span>AHD (Alta Definizione Analogica)<\/span>\n\t\t<\/a>\n\t\t<div id=\"accordion-4250038331-content\" class=\"accordion-inner\" aria-labelledby=\"accordion-4250038331-label\" >\n\t\t\t\n\n<p><span>L&#8217;AHD (Analogic High Definition) \u00e8 una tecnologia dezvoltat\u0103 nel 2014 di Nextchip.&nbsp;<\/span><\/p>\n<p><span>I punti di vendita pi\u00f9 forti sono la compatibilit\u00e0 completa con le telecamere analogiche e con i videoregistratori analogici o digitali, nonch\u00e9 la codifica di immagini del bordo delle telecamere, la trasmissione e la compressione con il DVR, con un cavo coassiale.&nbsp;<\/span><\/p>\n<p><span>Stampare l&#8217;avanguardia \u00e8 importante per la sostituzione del faptul che permette di installare il camerelor analogico s\u0103 ating\u0103 rezolu\u021bii mari \u0219i u\u0219urin\u021b\u0103.&nbsp;<\/span><\/p>\n<p><span>Inoltre, \u00e8 possibile realizzare cablajului con cavi coassiali a distanza, con calitate FULL-HD e compatibilit\u00e0 con l&#8217;analogico, ma non \u00e8 possibile utilizzare l&#8217;intrettenimento, in quanto le testerie\/monitoarele obisnuite possono essere folosite per testare una camerelor.  <\/span><\/p>\n<p><span>I costruttori mai decat HDCVI, sono prodotti di calitate medie cel putin in ceea ce priveste recordere,<\/span><\/p>\n\n\t\t<\/div>\n\t<\/div>\n\t\n\t<div id=\"accordion-764756066\" class=\"accordion-item\">\n\t\t<a id=\"accordion-764756066-label\" class=\"accordion-title plain\" href=\"#accordion-item-gamma-di-illuminazione-ir\" aria-expanded=\"false\" aria-controls=\"accordion-764756066-content\" >\n\t\t\t<button class=\"toggle\" aria-label=\"Attiva\/Disattiva\"><i class=\"icon-angle-down\"><\/i><\/button>\n\t\t\t<span>Gamma di illuminazione IR<\/span>\n\t\t<\/a>\n\t\t<div id=\"accordion-764756066-content\" class=\"accordion-inner\" aria-labelledby=\"accordion-764756066-label\" >\n\t\t\t\n\n<p>Per garantire una sorveglianza 24 ore su 24 in luoghi in cui l&#8217;illuminazione convenzionale (visibile) \u00e8 insufficiente, vengono utilizzati illuminatori a infrarossi. Gli illuminatori a infrarossi emettono luce nell&#8217;intervallo di lunghezza d&#8217;onda 700-1000 nm. Pi\u00f9 lunga \u00e8 la lunghezza d&#8217;onda, meno visibile \u00e8 la luce per l&#8217;occhio umano. L&#8217;uso di questo tipo di illuminazione nella videosorveglianza garantisce una sorveglianza discreta degli oggetti.<\/p>\n<p><br>La luce \u00e8 una radiazione elettromagnetica. L&#8217;occhio umano riceve radiazioni (comunemente note come luce visibile) nell&#8217;intervallo 380-780 nm. A differenza dell&#8217;occhio umano, le telecamere industriali sono in grado di osservare lunghezze d&#8217;onda di circa 970 nm. Per vedere un&#8217;immagine, la luce deve essere riflessa dall&#8217;oggetto osservato. Dopo la riflessione, la luce ritorna con informazioni sulla forma dell&#8217;oggetto osservato.<\/p>\n<p><br>Le telecamere industriali in grado di vedere a infrarossi passano alla modalit\u00e0 in bianco e nero perch\u00e9 la luce a infrarossi non fornisce informazioni sui colori.<\/p>\n<p>La portata dell&#8217;illuminatore utilizzato \u00e8 influenzata dai tipi di superfici e oggetti illuminati, nonch\u00e9 dalle condizioni ambientali, come la limpidezza dell&#8217;aria. Questi fattori possono essere descritti come coefficiente di riflessione della scena. Ogni materiale ha un proprio coefficiente di riflessione della luce che definisce il rapporto tra l&#8217;intensit\u00e0 dell&#8217;onda riflessa e l&#8217;intensit\u00e0 dell&#8217;onda incidente. Permette di determinare l&#8217;intensit\u00e0 con cui il materiale riflette la luce.<\/p>\n<p><br>L&#8217;illuminazione dell&#8217;oggetto \u00e8 influenzata anche dalla distanza dalla sorgente luminosa. L&#8217;intensit\u00e0 della luce \u00e8 inversamente proporzionale al quadrato della distanza tra la sorgente luminosa e la superficie illuminata.<\/p>\n\n\t\t<\/div>\n\t<\/div>\n\t\n\n<\/div>\n\n","protected":false},"excerpt":{"rendered":"","protected":false},"author":1,"featured_media":0,"parent":9930,"menu_order":0,"comment_status":"closed","ping_status":"closed","template":"","meta":{"footnotes":""},"class_list":["post-9651","page","type-page","status-publish","hentry"],"_links":{"self":[{"href":"https:\/\/enviosecurity.com\/it\/wp-json\/wp\/v2\/pages\/9651","targetHints":{"allow":["GET"]}}],"collection":[{"href":"https:\/\/enviosecurity.com\/it\/wp-json\/wp\/v2\/pages"}],"about":[{"href":"https:\/\/enviosecurity.com\/it\/wp-json\/wp\/v2\/types\/page"}],"author":[{"embeddable":true,"href":"https:\/\/enviosecurity.com\/it\/wp-json\/wp\/v2\/users\/1"}],"replies":[{"embeddable":true,"href":"https:\/\/enviosecurity.com\/it\/wp-json\/wp\/v2\/comments?post=9651"}],"version-history":[{"count":2,"href":"https:\/\/enviosecurity.com\/it\/wp-json\/wp\/v2\/pages\/9651\/revisions"}],"predecessor-version":[{"id":12646,"href":"https:\/\/enviosecurity.com\/it\/wp-json\/wp\/v2\/pages\/9651\/revisions\/12646"}],"up":[{"embeddable":true,"href":"https:\/\/enviosecurity.com\/it\/wp-json\/wp\/v2\/pages\/9930"}],"wp:attachment":[{"href":"https:\/\/enviosecurity.com\/it\/wp-json\/wp\/v2\/media?parent=9651"}],"curies":[{"name":"wp","href":"https:\/\/api.w.org\/{rel}","templated":true}]}}