{"id":11102,"date":"2023-04-26T18:58:30","date_gmt":"2023-04-26T17:58:30","guid":{"rendered":"https:\/\/enviosecurity.com\/product\/scatola-di-giunzione-a-base-profonda-in-plastica-universale\/"},"modified":"2024-07-18T16:01:21","modified_gmt":"2024-07-18T15:01:21","slug":"scatola-di-giunzione-in-plastica-universale","status":"publish","type":"product","link":"https:\/\/enviosecurity.com\/it\/prodotto\/scatola-di-giunzione-in-plastica-universale\/","title":{"rendered":"SCATOLA DI GIUNZIONE IN PLASTICA A BASE PROFONDA &#8211; UNIVERSALE"},"content":{"rendered":"<table style=\"width: 100%;\" width=\"100%\">\n<tbody>\n<tr style=\"background-color: #f3f3f3;\">\n<td style=\"width: 30%;\" width=\"299\">\n<h4><strong><span style=\"font-family: arial, helvetica, sans-serif; color: #404000;\">Mat<\/span><span style=\"font-family: arial, helvetica, sans-serif; color: #404000;\">materiale<\/span><\/strong><\/h4>\n<\/td>\n<td style=\"width: 70%;\" width=\"204\">\n<h4><span style=\"font-family: arial, helvetica, sans-serif; color: #404000;\">Plastica<\/span><\/h4>\n<\/td>\n<\/tr>\n<tr>\n<td style=\"width: 30%;\" width=\"299\">\n<h4><strong><span style=\"font-family: arial, helvetica, sans-serif; color: #404000;\">Dimensione<\/span><\/strong><\/h4>\n<\/td>\n<td style=\"width: 70%;\" width=\"204\">\n<h4><span style=\"font-family: arial, helvetica, sans-serif; color: #404000;\">131x131x65 mm<\/span><\/h4>\n<\/td>\n<\/tr>\n<tr style=\"background-color: #f3f3f3;\">\n<td style=\"width: 30%;\" width=\"299\">\n<h4><strong><span style=\"font-family: arial, helvetica, sans-serif; color: #404000;\">Colore<\/span><\/strong><\/h4>\n<\/td>\n<td style=\"width: 70%;\" width=\"204\">\n<h4><span style=\"font-family: arial, helvetica, sans-serif; color: #404000;\">Bianco<\/span><\/h4>\n<\/td>\n<\/tr>\n<tr>\n<td style=\"width: 30%;\" width=\"299\">\n<h4><strong><span style=\"font-family: arial, helvetica, sans-serif; color: #404000;\">Greutate<\/span><\/strong><\/h4>\n<\/td>\n<td style=\"width: 70%;\" width=\"204\">\n<h4><span style=\"font-family: arial, helvetica, sans-serif; color: #404000;\">0,15 Kg<\/span><\/h4>\n<\/td>\n<\/tr>\n<tr style=\"background-color: #f3f3f3;\">\n<td style=\"width: 30%;\" width=\"299\">\n<h4><strong><span style=\"font-family: arial, helvetica, sans-serif; color: #404000;\">Installazione<\/span><\/strong><\/h4>\n<\/td>\n<td style=\"width: 70%;\" width=\"204\">\n<h4><span style=\"font-family: arial, helvetica, sans-serif; color: #404000;\">Sulla parete o sul soffitto<\/span><\/h4>\n<\/td>\n<\/tr>\n<tr>\n<td style=\"width: 30%;\">\n<h4><strong><span style=\"font-family: arial, helvetica, sans-serif; color: #404000;\">Classificazione IP<\/span><\/strong><\/h4>\n<\/td>\n<td style=\"width: 70%;\">\n<h4><span style=\"font-family: arial, helvetica, sans-serif; color: #404000;\">IP65<\/span><\/h4>\n<\/td>\n<\/tr>\n<tr style=\"background-color: #f3f3f3;\">\n<td style=\"width: 30%;\">\n<h4><strong><span style=\"font-family: arial, helvetica, sans-serif; color: #404000;\">Temperatura di esercizio<\/span><\/strong><\/h4>\n<\/td>\n<td style=\"width: 70%;\">\n<h4><span style=\"font-family: arial, helvetica, sans-serif; color: #404000;\">Da -40\u00b0C a +60\u00b0C<\/span><\/h4>\n<\/td>\n<\/tr>\n<tr>\n<td style=\"width: 30%;\">\n<h4><strong><span style=\"font-family: arial, helvetica, sans-serif; color: #404000;\">Umidit\u00e0 di esercizio<\/span><\/strong><\/h4>\n<\/td>\n<td style=\"width: 70%;\">\n<h4><span style=\"font-family: arial, helvetica, sans-serif; color: #404000;\">&lt;90% (RH)<\/span><\/h4>\n<\/td>\n<\/tr>\n<tr style=\"background-color: #f3f3f3;\">\n<td style=\"width: 30%;\">\n<h4><strong><span style=\"font-family: arial, helvetica, sans-serif; color: #404000;\">Temperatura di stoccaggio<\/span><\/strong><\/h4>\n<\/td>\n<td style=\"width: 70%;\">\n<h4>Da -40\u00b0C a +60\u00b0C<\/h4>\n<\/td>\n<\/tr>\n<tr>\n<td style=\"width: 30%;\">\n<h4><strong><span style=\"font-family: arial, helvetica, sans-serif; color: #404000;\">Umidit\u00e0 di stoccaggio<\/span><\/strong><\/h4>\n<\/td>\n<td style=\"width: 70%;\">\n<h4>&lt;90% (RH)<\/h4>\n<\/td>\n<\/tr>\n<\/tbody>\n<\/table>\n<p>&nbsp;<\/p>\n","protected":false},"excerpt":{"rendered":"<ul>\n<li>Materiale ABS<\/li>\n<li>Compatibilit\u00e0 universale<\/li>\n<li>IP65L&#8217;ETJ-JB01 \u00e8 una scatola di giunzione impermeabile IP65. Il prodotto pu\u00f2 essere installato in qualsiasi ambiente, proteggendo i collegamenti interni dall&#8217;umidit\u00e0 e dalle intemperie. Sul coperchio della scatola sono presenti punti gi\u00e0 sigillati per il fissaggio delle telecamere.<br \/>\nL&#8217;ETJ-JB01 \u00e8 progettato per l&#8217;ingresso dei cavi sia posteriore che laterale.<\/li>\n<\/ul>\n","protected":false},"featured_media":6693,"template":"","meta":[],"product_brand":[],"product_cat":[282],"product_tag":[],"class_list":{"0":"post-11102","1":"product","2":"type-product","3":"status-publish","4":"has-post-thumbnail","6":"product_cat-scatole-di-giunzione","8":"first","9":"instock","10":"taxable","11":"shipping-taxable","12":"product-type-simple"},"_links":{"self":[{"href":"https:\/\/enviosecurity.com\/it\/wp-json\/wp\/v2\/product\/11102","targetHints":{"allow":["GET"]}}],"collection":[{"href":"https:\/\/enviosecurity.com\/it\/wp-json\/wp\/v2\/product"}],"about":[{"href":"https:\/\/enviosecurity.com\/it\/wp-json\/wp\/v2\/types\/product"}],"wp:featuredmedia":[{"embeddable":true,"href":"https:\/\/enviosecurity.com\/it\/wp-json\/wp\/v2\/media\/6693"}],"wp:attachment":[{"href":"https:\/\/enviosecurity.com\/it\/wp-json\/wp\/v2\/media?parent=11102"}],"wp:term":[{"taxonomy":"product_brand","embeddable":true,"href":"https:\/\/enviosecurity.com\/it\/wp-json\/wp\/v2\/product_brand?post=11102"},{"taxonomy":"product_cat","embeddable":true,"href":"https:\/\/enviosecurity.com\/it\/wp-json\/wp\/v2\/product_cat?post=11102"},{"taxonomy":"product_tag","embeddable":true,"href":"https:\/\/enviosecurity.com\/it\/wp-json\/wp\/v2\/product_tag?post=11102"}],"curies":[{"name":"wp","href":"https:\/\/api.w.org\/{rel}","templated":true}]}}