{"id":11377,"date":"2023-05-03T07:39:17","date_gmt":"2023-05-03T06:39:17","guid":{"rendered":"https:\/\/enviosecurity.com\/product\/spina-a-compressione-bnc-per-cavo-coassiale-rg59\/"},"modified":"2024-07-18T16:01:43","modified_gmt":"2024-07-18T15:01:43","slug":"spina-a-compressione-bnc-per-cavo-coassiale-rg59","status":"publish","type":"product","link":"https:\/\/enviosecurity.com\/it\/prodotto\/spina-a-compressione-bnc-per-cavo-coassiale-rg59\/","title":{"rendered":"SPINA A COMPRESSIONE BNC PER CAVO COASSIALE RG59"},"content":{"rendered":"<table class=\"STable\" style=\"height: 219px; width: 100%; border-color: #ffffff;\" width=\"100%\" cellspacing=\"0\" cellpadding=\"5\" align=\"center\">\n<tbody>\n<tr class=\"dark\" style=\"height: 21px; background-color: #f3f3f3;\">\n<td class=\"tab_title\" style=\"height: 21px; width: 30%;\" width=\"40%\"><span style=\"color: #404040;\"><strong><span class=\"row_id_441\"><span class=\"row_id_1023\">Tipo di connettore<\/span><\/span><\/strong><\/span><\/td>\n<td class=\"tab_value\" style=\"height: 21px; width: 70%;\"><span style=\"color: #404040;\">Spina BNC<\/span><\/td>\n<\/tr>\n<tr class=\"bright\" style=\"height: 21px;\">\n<td class=\"tab_title\" style=\"height: 21px; width: 30%;\" width=\"40%\"><span style=\"color: #404040;\"><strong><span class=\"no_row_id_40186\">Fissaggio degli elementi di connessione<\/span><\/strong><\/span><\/td>\n<td class=\"tab_value\" style=\"height: 21px; width: 70%;\"><span style=\"color: #404040;\">Montaggio a compressione<\/span><\/td>\n<\/tr>\n<tr class=\"dark\" style=\"height: 21px; background-color: #f3f3f3;\">\n<td class=\"tab_title\" style=\"height: 21px; width: 30%;\" width=\"40%\"><span style=\"color: #404040;\"><strong><span class=\"row_id_441\">Impedenza<\/span><\/strong><\/span><\/td>\n<td class=\"tab_value\" style=\"height: 21px; width: 70%;\"><span style=\"color: #404040;\">Cavo coassiale<\/span><\/td>\n<\/tr>\n<tr class=\"bright\" style=\"height: 21px;\">\n<td class=\"tab_title\" style=\"height: 21px; width: 30%;\" width=\"40%\"><span style=\"color: #404040;\"><strong><span class=\"row_id_1368\">Materiale  <\/span><\/strong><\/span><\/td>\n<td class=\"tab_value\" style=\"height: 21px; width: 70%;\">Pressatura multipla<\/td>\n<\/tr>\n<tr class=\"dark\" style=\"height: 21px; background-color: #f3f3f3;\">\n<td class=\"tab_title\" style=\"height: 10px; width: 30%;\" width=\"40%\"><span style=\"color: #404040;\"><strong><span class=\"row_id_2049\">Diametro del dielettrico<\/span><\/strong><\/span><\/td>\n<td class=\"tab_value\" style=\"height: 10px; width: 70%;\"><span style=\"color: #404040;\">max. 3,7 mm<\/span><\/td>\n<\/tr>\n<tr class=\"bright\" style=\"height: 21px;\">\n<td class=\"tab_title\" style=\"height: 21px; width: 30%;\" width=\"40%\"><span style=\"color: #404040;\"><strong><span class=\"row_id_626\">Montaggio del filo<\/span><\/strong><\/span><\/td>\n<td class=\"tab_value\" style=\"height: 21px; width: 70%;\">Premendo<\/td>\n<\/tr>\n<tr class=\"dark\" style=\"height: 21px; background-color: #f3f3f3;\">\n<td class=\"tab_title\" style=\"height: 21px; width: 30%;\" width=\"40%\"><span style=\"color: #404040;\"><strong><span class=\"row_id_441\"><span class=\"row_id_1023\">Diametro del cavo<\/span><\/span><\/strong><\/span><\/td>\n<td class=\"tab_value\" style=\"height: 21px; width: 70%;\"><span style=\"color: #404040;\">max. 7,3 mm<\/span><\/td>\n<\/tr>\n<tr class=\"bright\" style=\"height: 21px;\">\n<td class=\"tab_title\" style=\"height: 21px; width: 30%;\" width=\"40%\"><span style=\"color: #404040;\"><strong><span class=\"row_id_626\">Fissaggio dello scudo<\/span><\/strong><\/span><\/td>\n<td class=\"tab_value\" style=\"height: 21px; width: 70%;\">Montaggio a compressione<\/td>\n<\/tr>\n<tr class=\"dark\" style=\"height: 21px; background-color: #f3f3f3;\">\n<td class=\"tab_title\" style=\"height: 21px; width: 30%;\" width=\"40%\"><span style=\"color: #404040;\"><strong><span class=\"row_id_441\"><span class=\"row_id_1023\">Impermeabilit\u00e0 all&#8217;acqua<\/span><\/span><\/strong><\/span><\/td>\n<td class=\"tab_value\" style=\"height: 21px; width: 70%;\"><span style=\"color: #404040;\">S\u00ec<\/span><\/td>\n<\/tr>\n<tr class=\"bright\" style=\"height: 21px;\">\n<td class=\"tab_title\" style=\"height: 21px; width: 30%;\" width=\"40%\"><span style=\"color: #404040;\"><strong><span class=\"row_id_626\">Esempio di applicazione<\/span><\/strong><\/span><\/td>\n<td class=\"tab_value\" style=\"height: 21px; width: 70%;\">RG59<br \/>\nYAP<br \/>\nK-60<\/td>\n<\/tr>\n<tr class=\"dark\" style=\"height: 21px; background-color: #f3f3f3;\">\n<td class=\"tab_title\" style=\"height: 21px; width: 30%;\" width=\"40%\"><span style=\"color: #404040;\"><strong><span class=\"row_id_441\"><span class=\"row_id_1023\">Caratteristiche principali<\/span><\/span><\/strong><\/span><\/td>\n<td class=\"tab_value\" style=\"height: 21px; width: 70%;\"><span style=\"color: #404040;\">Un raccordo correttamente compresso \u00e8 altamente resistente alla rottura<br \/>\nTenuta stagna del connettore con collegamento al cavo<br \/>\nMontaggio molto semplice e veloce<br \/>\nResistenza alla corrosione<br \/>\nPerdita molto bassa in tutta la banda operativa<br \/>\nPer la crimpatura utilizzare l&#8217;utensile a crimpare HTL-548 \/ HT-5082R<\/span><\/td>\n<\/tr>\n<tr class=\"bright\" style=\"height: 21px;\">\n<td class=\"tab_title\" style=\"height: 21px; width: 30%;\" width=\"40%\"><span style=\"color: #404040;\"><strong><span class=\"row_id_626\">Peso<\/span><\/strong><\/span><\/td>\n<td class=\"tab_value\" style=\"height: 21px; width: 70%;\">0,012 kg<\/td>\n<\/tr>\n<tr class=\"dark\" style=\"height: 21px; background-color: #f3f3f3;\">\n<td class=\"tab_title\" style=\"height: 21px; width: 30%;\" width=\"40%\"><span style=\"color: #404040;\"><strong><span class=\"row_id_441\"><span class=\"row_id_1023\">Dimensioni<\/span><\/span><\/strong><\/span><\/td>\n<td class=\"tab_value\" style=\"height: 21px; width: 70%;\"><span style=\"color: #404040;\">\u00d8 14,5 x 39 mm<\/span><\/td>\n<\/tr>\n<\/tbody>\n<\/table>\n","protected":false},"excerpt":{"rendered":"<p><span style=\"color: #ed1c24;\"><strong>Confezione: 10 pezzi<\/strong><\/span><\/p>\n<p align=\"JUSTIFY\">Spina BNC crimpata su cavo coassiale.<br \/>\nIl tipo di materiale utilizzato elimina la corrosione. L&#8217;elevata precisione garantisce una bassa perdita e forza di inserzione, oltre a un aspetto gradevole. Pu\u00f2 essere compresso con facilit\u00e0, garantendo una connettivit\u00e0 stabile e ad alte prestazioni per lungo tempo.<br \/>\nIl connettore \u00e8 prodotto secondo una rigorosa disciplina tecnologica. La spina \u00e8 ben salda nella presa, non c&#8217;\u00e8 il rischio di perdere il contatto, cosa che avviene nel caso di connettori economici. Il conduttore interno del cavo inserito nell&#8217;ingresso viene centrato e fermato.<\/p>\n","protected":false},"featured_media":6915,"template":"","meta":[],"product_brand":[],"product_cat":[269],"product_tag":[342,283,271],"class_list":{"0":"post-11377","1":"product","2":"type-product","3":"status-publish","4":"has-post-thumbnail","6":"product_cat-connettori-e-balun-video","7":"product_tag-bnc-it","8":"product_tag-connettore-it","9":"product_tag-tvcc","11":"first","12":"instock","13":"taxable","14":"shipping-taxable","15":"product-type-simple"},"_links":{"self":[{"href":"https:\/\/enviosecurity.com\/it\/wp-json\/wp\/v2\/product\/11377","targetHints":{"allow":["GET"]}}],"collection":[{"href":"https:\/\/enviosecurity.com\/it\/wp-json\/wp\/v2\/product"}],"about":[{"href":"https:\/\/enviosecurity.com\/it\/wp-json\/wp\/v2\/types\/product"}],"wp:featuredmedia":[{"embeddable":true,"href":"https:\/\/enviosecurity.com\/it\/wp-json\/wp\/v2\/media\/6915"}],"wp:attachment":[{"href":"https:\/\/enviosecurity.com\/it\/wp-json\/wp\/v2\/media?parent=11377"}],"wp:term":[{"taxonomy":"product_brand","embeddable":true,"href":"https:\/\/enviosecurity.com\/it\/wp-json\/wp\/v2\/product_brand?post=11377"},{"taxonomy":"product_cat","embeddable":true,"href":"https:\/\/enviosecurity.com\/it\/wp-json\/wp\/v2\/product_cat?post=11377"},{"taxonomy":"product_tag","embeddable":true,"href":"https:\/\/enviosecurity.com\/it\/wp-json\/wp\/v2\/product_tag?post=11377"}],"curies":[{"name":"wp","href":"https:\/\/api.w.org\/{rel}","templated":true}]}}