{"id":12274,"date":"2023-12-01T14:22:55","date_gmt":"2023-12-01T13:22:55","guid":{"rendered":"https:\/\/enviosecurity.com\/?post_type=product&#038;p=12274"},"modified":"2023-12-01T15:24:05","modified_gmt":"2023-12-01T14:24:05","slug":"hard-disk-segate-skyhawk-2tb","status":"publish","type":"product","link":"https:\/\/enviosecurity.com\/it\/prodotto\/hard-disk-segate-skyhawk-2tb\/","title":{"rendered":"Hard Disk Seagate SKYHAWK 2TB"},"content":{"rendered":"<table>\n<tbody>\n<tr style=\"height: 21px; background-color: #d9d9d9;\">\n<td style=\"height: 21px; width: 1347.67px;\" colspan=\"2\"><span style=\"color: #404040; font-family: arial, helvetica, sans-serif;\"><strong>Specifiche<\/strong><\/span><\/td>\n<\/tr>\n<tr style=\"height: 21px;\">\n<td style=\"height: 21px; background-color: #f3f3f3; width: 417.766px;\"><span style=\"color: #404040; font-family: arial, helvetica, sans-serif;\"><strong>Capacit\u00e0<\/strong><\/span><\/td>\n<td style=\"height: 21px; width: 923.906px;\">2TB<\/td>\n<\/tr>\n<tr style=\"height: 21px;\">\n<td style=\"height: 21px; background-color: #f3f3f3; width: 417.766px;\"><span style=\"color: #404040; font-family: arial, helvetica, sans-serif;\"><strong>Modello<\/strong><\/span><\/td>\n<td style=\"height: 21px; width: 923.906px;\">ST2000VX015<\/td>\n<\/tr>\n<tr style=\"height: 21px;\">\n<td style=\"height: 21px; background-color: #f3f3f3; width: 417.766px;\"><span style=\"color: #404040; font-family: arial, helvetica, sans-serif;\"><strong>Interface<\/strong><\/span><\/td>\n<td style=\"height: 21px; width: 923.906px;\">SATA 6Gb\/s<\/td>\n<\/tr>\n<tr style=\"height: 21px;\">\n<td style=\"height: 21px; background-color: #f3f3f3; width: 417.766px;\"><span style=\"color: #404040; font-family: arial, helvetica, sans-serif;\"><strong>Recording Technology<\/strong><\/span><\/td>\n<td style=\"height: 21px; width: 923.906px;\">CMR<\/td>\n<\/tr>\n<tr style=\"height: 21px;\">\n<td style=\"height: 21px; background-color: #f3f3f3; width: 417.766px;\"><span style=\"color: #404040; font-family: arial, helvetica, sans-serif;\"><strong>Drive Design<\/strong><\/span><\/td>\n<td style=\"height: 21px; width: 923.906px;\">Air<\/td>\n<\/tr>\n<tr style=\"height: 21px; background-color: #d9d9d9;\">\n<td style=\"height: 21px; width: 1347.67px;\" colspan=\"2\"><span style=\"color: #404040; font-family: arial, helvetica, sans-serif;\"><strong>Features and Performance<\/strong><\/span><\/td>\n<\/tr>\n<tr style=\"height: 21px;\">\n<td style=\"height: 21px; background-color: #f3f3f3; width: 417.766px;\"><span style=\"font-family: arial, helvetica, sans-serif; color: #404040;\"><strong>Drive Bays Supported<\/strong><\/span><\/td>\n<td style=\"height: 21px; width: 923.906px;\"><span style=\"font-family: arial, helvetica, sans-serif; color: #404040;\">Up to 8<\/span><\/td>\n<\/tr>\n<tr style=\"height: 21px;\">\n<td style=\"height: 21px; background-color: #f3f3f3; width: 417.766px;\"><span style=\"color: #404040; font-family: arial, helvetica, sans-serif;\"><strong>Cameras Supported<\/strong><\/span><\/td>\n<td style=\"height: 21px; width: 923.906px;\"><span style=\"font-family: arial, helvetica, sans-serif; color: #404040;\">Up to 64<\/span><\/td>\n<\/tr>\n<tr style=\"height: 21px;\">\n<td style=\"height: 21px; background-color: #f3f3f3; width: 417.766px;\"><span style=\"color: #404040; font-family: arial, helvetica, sans-serif;\"><strong>Max Sustained Transfer Rate OD (MB\/s)<\/strong><\/span><\/td>\n<td style=\"height: 21px; width: 923.906px;\">180MB\/s<\/td>\n<\/tr>\n<tr style=\"height: 21px;\">\n<td style=\"height: 21px; background-color: #f3f3f3; width: 417.766px;\"><span style=\"color: #404040; font-family: arial, helvetica, sans-serif;\"><strong>Cache (MB)<\/strong><\/span><\/td>\n<td style=\"height: 21px; width: 923.906px;\">256<\/td>\n<\/tr>\n<tr style=\"height: 21px; background-color: #d9d9d9;\">\n<td style=\"height: 21px; width: 1347.67px;\" colspan=\"2\"><span style=\"color: #404040; font-family: arial, helvetica, sans-serif;\"><strong>Reliability\/Data Integrity<\/strong><\/span><\/td>\n<\/tr>\n<tr style=\"height: 21px;\">\n<td style=\"height: 21px; background-color: #f3f3f3; width: 417.766px;\"><span style=\"color: #404040; font-family: arial, helvetica, sans-serif;\"><strong>Tarnish Resistant<\/strong><\/span><\/td>\n<td style=\"height: 21px; width: 923.906px;\"><span style=\"font-family: arial, helvetica, sans-serif; color: #404040;\">Yes<\/span><\/td>\n<\/tr>\n<tr style=\"height: 21px;\">\n<td style=\"height: 21px; background-color: #f3f3f3; width: 417.766px;\"><span style=\"color: #404040; font-family: arial, helvetica, sans-serif;\"><strong>Load\/Unload Cycles<\/strong><\/span><\/td>\n<td style=\"height: 21px; width: 923.906px;\"><span style=\"font-family: arial, helvetica, sans-serif; color: #404040;\">600,000<\/span><\/td>\n<\/tr>\n<tr style=\"height: 21px;\">\n<td style=\"height: 21px; background-color: #f3f3f3; width: 417.766px;\"><span style=\"color: #404040; font-family: arial, helvetica, sans-serif;\"><strong>Nonrecoverable Read Errors Rate, Max<\/strong><\/span><\/td>\n<td style=\"height: 21px; width: 923.906px;\"><span style=\"font-family: arial, helvetica, sans-serif; color: #404040;\">1 per 10E14<\/span><\/td>\n<\/tr>\n<tr style=\"height: 21px;\">\n<td style=\"height: 21px; background-color: #f3f3f3; width: 417.766px;\"><span style=\"color: #404040; font-family: arial, helvetica, sans-serif;\"><strong>Power-On Hours per year<\/strong><\/span><\/td>\n<td style=\"height: 21px; width: 923.906px;\">8760<\/td>\n<\/tr>\n<tr style=\"height: 21px;\">\n<td style=\"height: 21px; background-color: #f3f3f3; width: 417.766px;\"><span style=\"color: #404040; font-family: arial, helvetica, sans-serif;\"><strong>Workload Rate Limit (WRL)<\/strong><\/span><\/td>\n<td style=\"height: 21px; width: 923.906px;\">180<\/td>\n<\/tr>\n<tr style=\"height: 21px;\">\n<td style=\"height: 21px; background-color: #f3f3f3; width: 417.766px;\"><span style=\"color: #404040; font-family: arial, helvetica, sans-serif;\"><strong>Mean Time Between Failures (MTBF) (hours)<\/strong><\/span><\/td>\n<td style=\"height: 21px; width: 923.906px;\">1,000,000hr<\/td>\n<\/tr>\n<tr style=\"height: 21px;\">\n<td style=\"height: 21px; background-color: #f3f3f3; width: 417.766px;\"><span style=\"color: #404040; font-family: arial, helvetica, sans-serif;\"><strong>Warranty, Limited (years)<\/strong><\/span><\/td>\n<td style=\"height: 21px; width: 923.906px;\">3<\/td>\n<\/tr>\n<tr style=\"height: 21px;\">\n<td style=\"height: 21px; background-color: #f3f3f3; width: 417.766px;\"><span style=\"color: #404040; font-family: arial, helvetica, sans-serif;\"><strong>Rescue Data Recovery Services (years)<\/strong><\/span><\/td>\n<td style=\"height: 21px; width: 923.906px;\"><span style=\"font-family: arial, helvetica, sans-serif; color: #404040;\">3<\/span><\/td>\n<\/tr>\n<tr style=\"height: 21px; background-color: #d9d9d9;\">\n<td style=\"height: 21px; width: 1347.67px;\" colspan=\"2\"><span style=\"color: #404040; font-family: arial, helvetica, sans-serif;\"><strong>Power Management<\/strong><\/span><\/td>\n<\/tr>\n<tr style=\"height: 21px;\">\n<td style=\"height: 21px; background-color: #f3f3f3; width: 417.766px;\"><span style=\"color: #404040; font-family: arial, helvetica, sans-serif;\"><strong>Startup Current, Typical (12V, A)<\/strong><\/span><\/td>\n<td style=\"height: 21px; width: 923.906px;\"><span style=\"font-family: arial, helvetica, sans-serif; color: #404040;\">1.8<\/span><\/td>\n<\/tr>\n<tr style=\"height: 21px;\">\n<td style=\"height: 21px; background-color: #f3f3f3; width: 417.766px;\"><span style=\"font-family: arial, helvetica, sans-serif; color: #404040;\"><strong>Average Operating Power (W)<\/strong><\/span><\/td>\n<td style=\"height: 21px; width: 923.906px;\"><span style=\"font-family: arial, helvetica, sans-serif; color: #404040;\">3.7W<\/span><\/td>\n<\/tr>\n<tr style=\"height: 21px;\">\n<td style=\"height: 21px; background-color: #f3f3f3; width: 417.766px;\"><span style=\"color: #404040; font-family: arial, helvetica, sans-serif;\"><strong>Idle Average (W)<\/strong><\/span><\/td>\n<td style=\"height: 21px; width: 923.906px;\">2.5W<\/td>\n<\/tr>\n<tr style=\"height: 21px;\">\n<td style=\"height: 21px; background-color: #f3f3f3; width: 417.766px;\"><span style=\"color: #404040; font-family: arial, helvetica, sans-serif;\"><strong>Standby Mode\/Sleep Mode, Typical (W)<\/strong><\/span><\/td>\n<td style=\"height: 21px; width: 923.906px;\">0.25\/0.25<\/td>\n<\/tr>\n<tr style=\"height: 21px;\">\n<td style=\"height: 21px; background-color: #f3f3f3; width: 417.766px;\"><span style=\"color: #404040; font-family: arial, helvetica, sans-serif;\"><strong>Voltage Tolerance (5V)<\/strong><\/span><\/td>\n<td style=\"height: 21px; width: 923.906px;\">\u00b15%<\/td>\n<\/tr>\n<tr style=\"height: 21px;\">\n<td style=\"height: 21px; background-color: #f3f3f3; width: 417.766px;\"><span style=\"color: #404040; font-family: arial, helvetica, sans-serif;\"><strong>Voltage Tolerance (12V)<\/strong><\/span><\/td>\n<td style=\"height: 21px; width: 923.906px;\">\u00b110%<\/td>\n<\/tr>\n<tr style=\"height: 21px; background-color: #d9d9d9;\">\n<td style=\"height: 21px; width: 1347.67px;\" colspan=\"2\"><span style=\"color: #404040; font-family: arial, helvetica, sans-serif;\"><strong>Environmental\/Temperature<\/strong><\/span><\/td>\n<\/tr>\n<tr style=\"height: 21px;\">\n<td style=\"height: 21px; background-color: #f3f3f3; width: 417.766px;\"><span style=\"color: #404040; font-family: arial, helvetica, sans-serif;\"><strong>Operating (ambient, min \u00b0C)<\/strong><\/span><\/td>\n<td style=\"height: 21px; width: 923.906px;\"><span style=\"font-family: arial, helvetica, sans-serif; color: #404040;\">0 <\/span><\/td>\n<\/tr>\n<tr style=\"height: 21px;\">\n<td style=\"height: 21px; background-color: #f3f3f3; width: 417.766px;\"><span style=\"color: #404040; font-family: arial, helvetica, sans-serif;\"><strong>Operating (drive reported, max \u00b0C)4<\/strong><\/span><\/td>\n<td style=\"height: 21px; width: 923.906px;\">70<\/td>\n<\/tr>\n<tr style=\"height: 21px;\">\n<td style=\"height: 21px; background-color: #f3f3f3; width: 417.766px;\"><span style=\"color: #404040; font-family: arial, helvetica, sans-serif;\"><strong>Nonoperating (ambient, min \u00b0C)<\/strong><\/span><\/td>\n<td style=\"height: 21px; width: 923.906px;\"><span style=\"font-family: arial, helvetica, sans-serif; color: #404040;\">-40<\/span><\/td>\n<\/tr>\n<tr style=\"height: 21px; background-color: #d9d9d9;\">\n<td style=\"height: 21px; width: 1347.67px;\" colspan=\"2\"><span style=\"font-family: arial, helvetica, sans-serif; color: #404040;\"><strong>Physical<\/strong><\/span><\/td>\n<\/tr>\n<tr style=\"height: 21px;\">\n<td style=\"height: 21px; background-color: #f3f3f3; width: 417.766px;\"><span style=\"color: #404040; font-family: arial, helvetica, sans-serif;\"><strong>Height (mm\/in, max)<\/strong><\/span><\/td>\n<td style=\"height: 21px; width: 923.906px;\"><span style=\"font-family: arial, helvetica, sans-serif; color: #404040;\">20.20mm\/0.795in<\/span><\/td>\n<\/tr>\n<tr style=\"height: 21px;\">\n<td style=\"height: 21px; background-color: #f3f3f3; width: 417.766px;\"><span style=\"color: #404040; font-family: arial, helvetica, sans-serif;\"><strong>Width (mm\/in, max)<\/strong><\/span><\/td>\n<td style=\"height: 21px; width: 923.906px;\"><span style=\"font-family: arial, helvetica, sans-serif; color: #404040;\">101.85mm\/4.01in<\/span><\/td>\n<\/tr>\n<tr style=\"height: 21px;\">\n<td style=\"height: 21px; background-color: #f3f3f3; width: 417.766px;\"><span style=\"color: #404040; font-family: arial, helvetica, sans-serif;\"><strong>Depth (mm\/in, max)<\/strong><\/span><\/td>\n<td style=\"height: 21px; width: 923.906px;\"><span style=\"font-family: arial, helvetica, sans-serif; color: #404040;\">146.99mm\/5.787in<\/span><\/td>\n<\/tr>\n<tr style=\"height: 21px;\">\n<td style=\"height: 21px; background-color: #f3f3f3; width: 417.766px;\"><span style=\"color: #404040; font-family: arial, helvetica, sans-serif;\"><strong>Weight (g\/lb, typical)<\/strong><\/span><\/td>\n<td style=\"height: 21px; width: 923.906px;\"><span style=\"font-family: arial, helvetica, sans-serif; color: #404040;\">415g\/0.915lb<\/span><\/td>\n<\/tr>\n<tr style=\"height: 21px;\">\n<td style=\"height: 21px; background-color: #f3f3f3; width: 417.766px;\"><span style=\"color: #404040; font-family: arial, helvetica, sans-serif;\"><strong>Carton Unit Quantity<\/strong><\/span><\/td>\n<td style=\"height: 21px; width: 923.906px;\"><span style=\"font-family: arial, helvetica, sans-serif; color: #404040;\">25<\/span><\/td>\n<\/tr>\n<tr style=\"height: 21px;\">\n<td style=\"height: 21px; background-color: #f3f3f3; width: 417.766px;\"><span style=\"color: #404040; font-family: arial, helvetica, sans-serif;\"><strong>Cartons per Pallet\/Cartons per Layer<\/strong><\/span><\/td>\n<td style=\"height: 21px; width: 923.906px;\"><span style=\"font-family: arial, helvetica, sans-serif; color: #404040;\">40\/8<\/span><\/td>\n<\/tr>\n<\/tbody>\n<\/table>\n","protected":false},"excerpt":{"rendered":"<ul>\n<li><strong>Firmware ImagePerfect\u2122:<\/strong> \u00e8 progettato per garantire l&#8217;acquisizione di filmati video senza interruzioni<br \/>\nCarichi di lavoro 24 ore su 24, 7 giorni su 71 che registrano video da 64 telecamere HD.<\/li>\n<li><strong>SkyHawk Health Management:<\/strong> aiuta attivamente a proteggere l&#8217;archiviazione video concentrandosi<br \/>\nsulle opzioni di prevenzione, intervento e ripristino.2 \u00c8 incluso RAID RapidRebuild\u2122,<br \/>\nche fornisce ricostruzioni di volumi 3 volte pi\u00f9 veloci rispetto alle ricostruzioni RAID tradizionali.<\/li>\n<li><strong>Protezione dei dati senza pari:<\/strong> con 3 anni di servizi di recupero dati Rescue inclusi<br \/>\npiano, contribuendo a proteggere dati video importanti con il ripristino dati interno di Seagate<br \/>\nServizi.<\/li>\n<li><strong>Sensori RV integrati:<\/strong> consentono alle unit\u00e0 di mantenere le prestazioni nei sistemi multi-bay, dando<br \/>\nai clienti la flessibilit\u00e0 di scalare i propri sistemi quando \u00e8 necessario pi\u00f9 spazio di archiviazione.<\/li>\n<li><strong>Supporto streaming ATA:<\/strong> consente registrazioni da un massimo di 64 telecamere HD per un&#8217;esperienza fluida e<br \/>\nriprese ininterrotte.<\/li>\n<li><strong>MTBF di 1 milione di ore, garanzia limitata di 3 anni:<\/strong> rappresenta un costo totale migliorato di<br \/>\npropriet\u00e0 (TCO) con costi di manutenzione ridotti.<\/li>\n<li><strong>Minori consumi energetici:<\/strong> significa una riduzione delle emissioni di calore, che migliora<br \/>\naffidabilit\u00e0 nelle soluzioni di sorveglianza. I componenti resistenti all&#8217;appannamento aiutano a proteggere la trasmissione<br \/>\ndagli elementi ambientali, aumentando l\u2019affidabilit\u00e0 sul campo.<\/li>\n<\/ul>\n","protected":false},"featured_media":12287,"template":"","meta":[],"product_brand":[],"product_cat":[348],"product_tag":[424,423],"class_list":{"0":"post-12274","1":"product","2":"type-product","3":"status-publish","4":"has-post-thumbnail","6":"product_cat-hard-disk-micro-sd","7":"product_tag-2tb-2","8":"product_tag-hard-disk-2","10":"first","11":"instock","12":"taxable","13":"shipping-taxable","14":"product-type-simple"},"_links":{"self":[{"href":"https:\/\/enviosecurity.com\/it\/wp-json\/wp\/v2\/product\/12274","targetHints":{"allow":["GET"]}}],"collection":[{"href":"https:\/\/enviosecurity.com\/it\/wp-json\/wp\/v2\/product"}],"about":[{"href":"https:\/\/enviosecurity.com\/it\/wp-json\/wp\/v2\/types\/product"}],"wp:featuredmedia":[{"embeddable":true,"href":"https:\/\/enviosecurity.com\/it\/wp-json\/wp\/v2\/media\/12287"}],"wp:attachment":[{"href":"https:\/\/enviosecurity.com\/it\/wp-json\/wp\/v2\/media?parent=12274"}],"wp:term":[{"taxonomy":"product_brand","embeddable":true,"href":"https:\/\/enviosecurity.com\/it\/wp-json\/wp\/v2\/product_brand?post=12274"},{"taxonomy":"product_cat","embeddable":true,"href":"https:\/\/enviosecurity.com\/it\/wp-json\/wp\/v2\/product_cat?post=12274"},{"taxonomy":"product_tag","embeddable":true,"href":"https:\/\/enviosecurity.com\/it\/wp-json\/wp\/v2\/product_tag?post=12274"}],"curies":[{"name":"wp","href":"https:\/\/api.w.org\/{rel}","templated":true}]}}